{"id":1015,"date":"2024-10-03T14:08:46","date_gmt":"2024-10-03T12:08:46","guid":{"rendered":"https:\/\/www.nrelrevetement.com\/?post_type=product&#038;p=1015"},"modified":"2024-10-03T14:08:52","modified_gmt":"2024-10-03T12:08:52","slug":"bureaux-de-luxe","status":"publish","type":"product","link":"https:\/\/www.nrelrevetement.com\/index.php\/produit\/bureaux-de-luxe\/","title":{"rendered":"Bureaux de luxe"},"content":{"rendered":"<p>D\u00e9couvrez nos\u00a0<em>bureaux<\/em>\u00a0de direction design pour vos\u00a0<em>bureaux<\/em> professionnels ! Diff\u00e9rentes formes, couleurs et mat\u00e9riaux sont disponibles D\u00e9couvrez nos\u00a0<em>bureaux<\/em>\u00a0de direction design pour vos\u00a0<em>bureaux<\/em>\u00a0professionnels ! Diff\u00e9rentes formes, couleurs et mat\u00e9riaux sont disponiblesD\u00e9couvrez nos\u00a0<em>bureaux<\/em>\u00a0de direction design pour vos\u00a0<em>bureaux<\/em>\u00a0professionnels ! Diff\u00e9rentes formes, couleurs et mat\u00e9riaux sont disponibles<\/p>\n","protected":false},"excerpt":{"rendered":"<p>D\u00e9couvrez nos\u00a0<em>bureaux<\/em>\u00a0de direction design pour vos\u00a0<em>bureaux<\/em>\u00a0professionnels ! Diff\u00e9rentes formes, couleurs et mat\u00e9riaux sont disponibles<\/p>\n","protected":false},"featured_media":0,"comment_status":"open","ping_status":"closed","template":"","meta":{"site-sidebar-layout":"default","site-content-layout":"","ast-site-content-layout":"default","site-content-style":"default","site-sidebar-style":"default","ast-global-header-display":"","ast-banner-title-visibility":"","ast-main-header-display":"","ast-hfb-above-header-display":"","ast-hfb-below-header-display":"","ast-hfb-mobile-header-display":"","site-post-title":"","ast-breadcrumbs-content":"","ast-featured-img":"","footer-sml-layout":"","theme-transparent-header-meta":"default","adv-header-id-meta":"","stick-header-meta":"","header-above-stick-meta":"","header-main-stick-meta":"","header-below-stick-meta":"","astra-migrate-meta-layouts":"set","ast-page-background-enabled":"default","ast-page-background-meta":{"desktop":{"background-color":"var(--ast-global-color-4)","background-image":"","background-repeat":"repeat","background-position":"center center","background-size":"auto","background-attachment":"scroll","background-type":"","background-media":"","overlay-type":"","overlay-color":"","overlay-opacity":"","overlay-gradient":""},"tablet":{"background-color":"","background-image":"","background-repeat":"repeat","background-position":"center center","background-size":"auto","background-attachment":"scroll","background-type":"","background-media":"","overlay-type":"","overlay-color":"","overlay-opacity":"","overlay-gradient":""},"mobile":{"background-color":"","background-image":"","background-repeat":"repeat","background-position":"center center","background-size":"auto","background-attachment":"scroll","background-type":"","background-media":"","overlay-type":"","overlay-color":"","overlay-opacity":"","overlay-gradient":""}},"ast-content-background-meta":{"desktop":{"background-color":"var(--ast-global-color-5)","background-image":"","background-repeat":"repeat","background-position":"center center","background-size":"auto","background-attachment":"scroll","background-type":"","background-media":"","overlay-type":"","overlay-color":"","overlay-opacity":"","overlay-gradient":""},"tablet":{"background-color":"var(--ast-global-color-5)","background-image":"","background-repeat":"repeat","background-position":"center center","background-size":"auto","background-attachment":"scroll","background-type":"","background-media":"","overlay-type":"","overlay-color":"","overlay-opacity":"","overlay-gradient":""},"mobile":{"background-color":"var(--ast-global-color-5)","background-image":"","background-repeat":"repeat","background-position":"center center","background-size":"auto","background-attachment":"scroll","background-type":"","background-media":"","overlay-type":"","overlay-color":"","overlay-opacity":"","overlay-gradient":""}}},"product_cat":[22],"product_tag":[],"class_list":{"0":"post-1015","1":"product","2":"type-product","3":"status-publish","5":"product_cat-mobiliers-de-bureaux","6":"desktop-align-left","7":"tablet-align-left","8":"mobile-align-left","10":"first","11":"instock","12":"shipping-taxable","13":"purchasable","14":"product-type-simple"},"_links":{"self":[{"href":"https:\/\/www.nrelrevetement.com\/index.php\/wp-json\/wp\/v2\/product\/1015","targetHints":{"allow":["GET"]}}],"collection":[{"href":"https:\/\/www.nrelrevetement.com\/index.php\/wp-json\/wp\/v2\/product"}],"about":[{"href":"https:\/\/www.nrelrevetement.com\/index.php\/wp-json\/wp\/v2\/types\/product"}],"replies":[{"embeddable":true,"href":"https:\/\/www.nrelrevetement.com\/index.php\/wp-json\/wp\/v2\/comments?post=1015"}],"version-history":[{"count":1,"href":"https:\/\/www.nrelrevetement.com\/index.php\/wp-json\/wp\/v2\/product\/1015\/revisions"}],"predecessor-version":[{"id":1016,"href":"https:\/\/www.nrelrevetement.com\/index.php\/wp-json\/wp\/v2\/product\/1015\/revisions\/1016"}],"wp:attachment":[{"href":"https:\/\/www.nrelrevetement.com\/index.php\/wp-json\/wp\/v2\/media?parent=1015"}],"wp:term":[{"taxonomy":"product_cat","embeddable":true,"href":"https:\/\/www.nrelrevetement.com\/index.php\/wp-json\/wp\/v2\/product_cat?post=1015"},{"taxonomy":"product_tag","embeddable":true,"href":"https:\/\/www.nrelrevetement.com\/index.php\/wp-json\/wp\/v2\/product_tag?post=1015"}],"curies":[{"name":"wp","href":"https:\/\/api.w.org\/{rel}","templated":true}]}}